{"id":6011,"date":"2025-04-29T12:33:18","date_gmt":"2025-04-29T12:33:18","guid":{"rendered":"https:\/\/nextleveldigital.io\/?page_id=6011"},"modified":"2026-03-03T09:39:08","modified_gmt":"2026-03-03T09:39:08","slug":"our-team","status":"publish","type":"page","link":"https:\/\/nextleveldigital.io\/fr_fr\/our-team\/","title":{"rendered":"NOS EXPERTS"},"content":{"rendered":"<div data-elementor-type=\"wp-page\" data-elementor-id=\"6011\" class=\"elementor elementor-6011\">\n\t\t\t\t<div class=\"elementor-element elementor-element-72851e4 e-con-full e-flex sc_layouts_column_icons_position_left e-con e-parent\" data-id=\"72851e4\" data-element_type=\"container\" data-e-type=\"container\">\n\t\t<div class=\"e-con-gap-no elementor-element elementor-element-893a34c e-con-full e-flex sc_layouts_column_icons_position_left animation_type_block elementor-invisible e-con e-child\" data-animation-type=\"block\" data-id=\"893a34c\" data-element_type=\"container\" data-e-type=\"container\" data-settings=\"{&quot;animation&quot;:&quot;ta_fadeinup&quot;,&quot;background_background&quot;:&quot;classic&quot;}\">\n\t\t\t\t<\/div>\n\t\t<div data-animation-type=\"block\" class=\"elementor-element elementor-element-206ac7b e-con-full e-flex sc_layouts_column_icons_position_left animation_type_block elementor-invisible e-con e-child\" data-id=\"206ac7b\" data-element_type=\"container\" data-e-type=\"container\" data-settings=\"{&quot;animation&quot;:&quot;ta_fadeinup&quot;,&quot;animation_delay&quot;:200}\">\n\t\t\t\t<div class=\"elementor-element elementor-element-4d407dc sc_fly_static elementor-widget elementor-widget-heading\" data-id=\"4d407dc\" data-element_type=\"widget\" data-e-type=\"widget\" data-widget_type=\"heading.default\">\n\t\t\t\t\t<h6 class=\"elementor-heading-title elementor-size-default\">Accompagner les entreprises vers la performance<\/h6>\t\t\t\t<\/div>\n\t\t\t\t<div class=\"elementor-element elementor-element-93fe77f elementor-widget__width-initial sc_fly_static elementor-widget elementor-widget-heading\" data-id=\"93fe77f\" data-element_type=\"widget\" data-e-type=\"widget\" data-widget_type=\"heading.default\">\n\t\t\t\t\t<h1 class=\"elementor-heading-title elementor-size-default\">Transformer les entreprises gr\u00e2ce \u00e0 la technologie et \u00e0 l'IA<\/h1>\t\t\t\t<\/div>\n\t\t\t\t<div class=\"elementor-element elementor-element-41c4d93 elementor-widget__width-initial sc_fly_static elementor-widget elementor-widget-text-editor\" data-id=\"41c4d93\" data-element_type=\"widget\" data-e-type=\"widget\" data-widget_type=\"text-editor.default\">\n\t\t\t\t\t\t\t\t\t<p>Next Level Digital est un cabinet sp\u00e9cialis\u00e9 en transformation digitale et infrastructures IA. Nous accompagnons les entreprises dans la mise en place de solutions technologiques innovantes, performantes et orient\u00e9es r\u00e9sultats.<\/p>\t\t\t\t\t\t\t\t<\/div>\n\t\t\t\t<div class=\"elementor-element elementor-element-d57be80 sc_fly_static elementor-widget elementor-widget-button\" data-id=\"d57be80\" data-element_type=\"widget\" data-e-type=\"widget\" data-widget_type=\"button.default\">\n\t\t\t\t\t\t\t\t\t\t<a class=\"elementor-button elementor-button-link elementor-size-sm\" href=\"https:\/\/nextleveldigital.io\/fr_fr\/services-1\/\">\n\t\t\t\t\t\t<span class=\"elementor-button-content-wrapper\">\n\t\t\t\t\t\t\t\t\t<span class=\"elementor-button-text\">D\u00e9couvrir nos services<\/span>\n\t\t\t\t\t<\/span>\n\t\t\t\t\t<\/a>\n\t\t\t\t\t\t\t\t<\/div>\n\t\t\t\t<\/div>\n\t\t\t\t<\/div>\n\t\t<div class=\"elementor-element elementor-element-2b2c33b e-flex e-con-boxed sc_layouts_column_icons_position_left e-con e-parent\" data-id=\"2b2c33b\" data-element_type=\"container\" data-e-type=\"container\">\n\t\t\t\t\t<div class=\"e-con-inner\">\n\t\t<div class=\"elementor-element elementor-element-c611178 e-con-full e-flex sc_layouts_column_icons_position_left e-con e-child\" data-id=\"c611178\" data-element_type=\"container\" data-e-type=\"container\">\n\t\t\t\t<div data-animation-type=\"line\" data-animation-stagger=\"80\" class=\"elementor-element elementor-element-4507335 animation_type_line sc_fly_static elementor-invisible elementor-widget elementor-widget-trx_elm_advanced_title\" data-id=\"4507335\" data-element_type=\"widget\" data-e-type=\"widget\" data-settings=\"{&quot;_animation&quot;:&quot;ta_fadeinup&quot;}\" data-widget_type=\"trx_elm_advanced_title.default\">\n\t\t\t\t<div class=\"elementor-widget-container\">\n\t\t\t\t\t<h1 class=\"trx-addons-advanced-title\" >\n<span class=\"trx-addons-advanced-title-item trx-addons-advanced-title-item-text elementor-repeater-item-f12f233\">Responsabiliser les entreprises avec la technologie.<\/span>\n<span class=\"trx-addons-advanced-title-item trx-addons-advanced-title-item-text elementor-repeater-item-8818021\">Cr\u00e9er des sites web avec la facilit\u00e9<\/span>\n<span class=\"trx-addons-advanced-title-item trx-addons-advanced-title-item-text elementor-repeater-item-8ba7c36\"> pour am\u00e9liorer la pr\u00e9sence en ligne<\/span><\/h1>\t\t\t\t<\/div>\n\t\t\t\t<\/div>\n\t\t\t\t<\/div>\n\t\t<div class=\"elementor-element elementor-element-2e2ae55 e-con-full e-flex sc_layouts_column_icons_position_left e-con e-child\" data-id=\"2e2ae55\" data-element_type=\"container\" data-e-type=\"container\">\n\t\t\t\t<div data-animation-type=\"block\" class=\"elementor-element elementor-element-f4533b3 animation_type_block sc_fly_static elementor-invisible elementor-widget elementor-widget-text-editor\" data-id=\"f4533b3\" data-element_type=\"widget\" data-e-type=\"widget\" data-settings=\"{&quot;_animation_delay&quot;:100,&quot;_animation&quot;:&quot;ta_fadeinup&quot;}\" data-widget_type=\"text-editor.default\">\n\t\t\t\t\t\t\t\t\t<p>Next Level Digital accompagne les entreprises avec des solutions digitales innovantes et personnalis\u00e9es. Nous veillons \u00e0 ce que chaque projet soit efficace, strat\u00e9gique et parfaitement adapt\u00e9 \u00e0 vos objectifs sp\u00e9cifiques.<\/p>\t\t\t\t\t\t\t\t<\/div>\n\t\t\t\t<\/div>\n\t\t<div class=\"elementor-element elementor-element-5580031 e-grid e-con-full sc_layouts_column_icons_position_left e-con e-child\" data-id=\"5580031\" data-element_type=\"container\" data-e-type=\"container\">\n\t\t\t\t<div data-animation-type=\"block\" class=\"elementor-element elementor-element-9193e8c with-elementor-animation-trx_hover_zoom elementor-shape-rounded trx-addons-tm-image-top animation_type_block sc_fly_static elementor-invisible elementor-widget elementor-widget-trx_elm_team_member\" data-id=\"9193e8c\" data-element_type=\"widget\" data-e-type=\"widget\" data-settings=\"{&quot;_animation&quot;:&quot;ta_fadeinup&quot;,&quot;member_image_position&quot;:&quot;top&quot;}\" data-widget_type=\"trx_elm_team_member.default\">\n\t\t\t\t<div class=\"elementor-widget-container\">\n\t\t\t\t\t\t\t<div class=\"trx-addons-tm-wrapper\">\n\t\t\t<div class=\"trx-addons-tm\">\n\t\t\t\t<div class=\"trx-addons-tm-image\"> \n\t\t\t\t\t<img fetchpriority=\"high\" decoding=\"async\" width=\"740\" height=\"974\" src=\"https:\/\/nextleveldigital.io\/wp-content\/uploads\/2025\/04\/custom-img-105-copyright.jpg\" class=\"elementor-animation-trx_hover_zoom attachment-full size-full wp-image-6025\" alt=\"\" srcset=\"https:\/\/nextleveldigital.io\/wp-content\/uploads\/2025\/04\/custom-img-105-copyright.jpg 740w, https:\/\/nextleveldigital.io\/wp-content\/uploads\/2025\/04\/custom-img-105-copyright-228x300.jpg 228w, https:\/\/nextleveldigital.io\/wp-content\/uploads\/2025\/04\/custom-img-105-copyright-370x487.jpg 370w, https:\/\/nextleveldigital.io\/wp-content\/uploads\/2025\/04\/custom-img-105-copyright-410x540.jpg 410w\" sizes=\"(max-width: 767px) 100vw, 740px\" \/>\n\t\t\t\t\t\t\t\t\t<\/div>\n\t\t\t\t<div class=\"trx-addons-tm-content\">\n\t\t\t\t\t\t\t\t\t<h6 class=\"trx-addons-tm-name\">\n\t\t\t\t\t\tRandy A\t\t\t\t<\/h6>\n\t\t\t\t\t\t\t<p class=\"trx-addons-tm-position\">\n\t\t\t\tFondateur &amp; Directeur Strat\u00e9gie\t\t\t<\/p>\n\t\t\t\t\t\t\t<\/div>\n\t\t\t<\/div>\n\t\t<\/div>\n\t\t\t\t\t\t<\/div>\n\t\t\t\t<\/div>\n\t\t\t\t<div data-animation-type=\"block\" class=\"elementor-element elementor-element-d2ec9a2 with-elementor-animation-trx_hover_zoom trx-addons-tm-image-top animation_type_block sc_fly_static elementor-invisible elementor-widget elementor-widget-trx_elm_team_member\" data-id=\"d2ec9a2\" data-element_type=\"widget\" data-e-type=\"widget\" data-settings=\"{&quot;_animation_delay&quot;:100,&quot;_animation&quot;:&quot;ta_fadeinup&quot;,&quot;member_image_position&quot;:&quot;top&quot;}\" data-widget_type=\"trx_elm_team_member.default\">\n\t\t\t\t<div class=\"elementor-widget-container\">\n\t\t\t\t\t\t\t<div class=\"trx-addons-tm-wrapper\">\n\t\t\t<div class=\"trx-addons-tm\">\n\t\t\t\t<div class=\"trx-addons-tm-image\"> \n\t\t\t\t\t<img decoding=\"async\" width=\"740\" height=\"974\" src=\"https:\/\/nextleveldigital.io\/wp-content\/uploads\/2025\/04\/custom-img-106-copyright.jpg\" class=\"elementor-animation-trx_hover_zoom attachment-full size-full wp-image-6022\" alt=\"\" srcset=\"https:\/\/nextleveldigital.io\/wp-content\/uploads\/2025\/04\/custom-img-106-copyright.jpg 740w, https:\/\/nextleveldigital.io\/wp-content\/uploads\/2025\/04\/custom-img-106-copyright-228x300.jpg 228w, https:\/\/nextleveldigital.io\/wp-content\/uploads\/2025\/04\/custom-img-106-copyright-370x487.jpg 370w, https:\/\/nextleveldigital.io\/wp-content\/uploads\/2025\/04\/custom-img-106-copyright-410x540.jpg 410w\" sizes=\"(max-width: 767px) 100vw, 740px\" \/>\n\t\t\t\t\t\t\t\t\t<\/div>\n\t\t\t\t<div class=\"trx-addons-tm-content\">\n\t\t\t\t\t\t\t\t\t<h6 class=\"trx-addons-tm-name\">\n\t\t\t\t\t\tGauthier\t\t\t\t<\/h6>\n\t\t\t\t\t\t\t<p class=\"trx-addons-tm-position\">\n\t\t\t\tExpert SEO - R\u00e9f\u00e9rencement\t\t\t<\/p>\n\t\t\t\t\t\t\t<\/div>\n\t\t\t<\/div>\n\t\t<\/div>\n\t\t\t\t\t\t<\/div>\n\t\t\t\t<\/div>\n\t\t\t\t<div data-animation-type=\"block\" class=\"elementor-element elementor-element-45cc680 with-elementor-animation-trx_hover_zoom trx-addons-tm-image-top animation_type_block sc_fly_static elementor-invisible elementor-widget elementor-widget-trx_elm_team_member\" data-id=\"45cc680\" data-element_type=\"widget\" data-e-type=\"widget\" data-settings=\"{&quot;_animation_delay&quot;:200,&quot;_animation&quot;:&quot;ta_fadeinup&quot;,&quot;member_image_position&quot;:&quot;top&quot;}\" data-widget_type=\"trx_elm_team_member.default\">\n\t\t\t\t<div class=\"elementor-widget-container\">\n\t\t\t\t\t\t\t<div class=\"trx-addons-tm-wrapper\">\n\t\t\t<div class=\"trx-addons-tm\">\n\t\t\t\t<div class=\"trx-addons-tm-image\"> \n\t\t\t\t\t<img decoding=\"async\" width=\"740\" height=\"974\" src=\"https:\/\/nextleveldigital.io\/wp-content\/uploads\/2025\/04\/custom-img-107-copyright.jpg\" class=\"elementor-animation-trx_hover_zoom attachment-full size-full wp-image-6023\" alt=\"\" srcset=\"https:\/\/nextleveldigital.io\/wp-content\/uploads\/2025\/04\/custom-img-107-copyright.jpg 740w, https:\/\/nextleveldigital.io\/wp-content\/uploads\/2025\/04\/custom-img-107-copyright-228x300.jpg 228w, https:\/\/nextleveldigital.io\/wp-content\/uploads\/2025\/04\/custom-img-107-copyright-370x487.jpg 370w, https:\/\/nextleveldigital.io\/wp-content\/uploads\/2025\/04\/custom-img-107-copyright-410x540.jpg 410w\" sizes=\"(max-width: 767px) 100vw, 740px\" \/>\n\t\t\t\t\t\t\t\t\t<\/div>\n\t\t\t\t<div class=\"trx-addons-tm-content\">\n\t\t\t\t\t\t\t\t\t<h6 class=\"trx-addons-tm-name\">\n\t\t\t\t\t\tNicolas\t\t\t\t<\/h6>\n\t\t\t\t\t\t\t<p class=\"trx-addons-tm-position\">\n\t\t\t\tLead Developer\t\t\t<\/p>\n\t\t\t\t\t\t\t<\/div>\n\t\t\t<\/div>\n\t\t<\/div>\n\t\t\t\t\t\t<\/div>\n\t\t\t\t<\/div>\n\t\t\t\t<div data-animation-type=\"block\" class=\"elementor-element elementor-element-a904347 with-elementor-animation-trx_hover_zoom trx-addons-tm-image-top animation_type_block sc_fly_static elementor-invisible elementor-widget elementor-widget-trx_elm_team_member\" data-id=\"a904347\" data-element_type=\"widget\" data-e-type=\"widget\" data-settings=\"{&quot;_animation_delay&quot;:300,&quot;_animation&quot;:&quot;ta_fadeinup&quot;,&quot;member_image_position&quot;:&quot;top&quot;}\" data-widget_type=\"trx_elm_team_member.default\">\n\t\t\t\t<div class=\"elementor-widget-container\">\n\t\t\t\t\t\t\t<div class=\"trx-addons-tm-wrapper\">\n\t\t\t<div class=\"trx-addons-tm\">\n\t\t\t\t<div class=\"trx-addons-tm-image\"> \n\t\t\t\t\t<img loading=\"lazy\" decoding=\"async\" width=\"740\" height=\"974\" src=\"https:\/\/nextleveldigital.io\/wp-content\/uploads\/2025\/04\/custom-img-108-copyright.jpg\" class=\"elementor-animation-trx_hover_zoom attachment-full size-full wp-image-6024\" alt=\"\" srcset=\"https:\/\/nextleveldigital.io\/wp-content\/uploads\/2025\/04\/custom-img-108-copyright.jpg 740w, https:\/\/nextleveldigital.io\/wp-content\/uploads\/2025\/04\/custom-img-108-copyright-228x300.jpg 228w, https:\/\/nextleveldigital.io\/wp-content\/uploads\/2025\/04\/custom-img-108-copyright-370x487.jpg 370w, https:\/\/nextleveldigital.io\/wp-content\/uploads\/2025\/04\/custom-img-108-copyright-410x540.jpg 410w\" sizes=\"(max-width: 767px) 100vw, 740px\" \/>\n\t\t\t\t\t\t\t\t\t<\/div>\n\t\t\t\t<div class=\"trx-addons-tm-content\">\n\t\t\t\t\t\t\t\t\t<h6 class=\"trx-addons-tm-name\">\n\t\t\t\t\t\tIntissar\t\t\t\t<\/h6>\n\t\t\t\t\t\t\t<p class=\"trx-addons-tm-position\">\n\t\t\t\tCheffe de projet digitale\t\t\t<\/p>\n\t\t\t\t\t\t\t<\/div>\n\t\t\t<\/div>\n\t\t<\/div>\n\t\t\t\t\t\t<\/div>\n\t\t\t\t<\/div>\n\t\t\t\t<\/div>\n\t\t\t\t\t<\/div>\n\t\t\t\t<\/div>\n\t\t<div class=\"elementor-element elementor-element-8f143bf e-con-full e-flex sc_layouts_column_icons_position_left e-con e-parent\" data-id=\"8f143bf\" data-element_type=\"container\" data-e-type=\"container\" data-settings=\"{&quot;background_background&quot;:&quot;classic&quot;}\">\n\t\t<div class=\"elementor-element elementor-element-1d756cc e-con-full e-flex sc_layouts_column_icons_position_left e-con e-child\" data-id=\"1d756cc\" data-element_type=\"container\" data-e-type=\"container\">\n\t\t<div class=\"elementor-element elementor-element-ba28ee5 e-con-full e-flex sc_layouts_column_icons_position_left e-con e-child\" data-id=\"ba28ee5\" data-element_type=\"container\" data-e-type=\"container\">\n\t\t\t\t<div data-animation-type=\"block\" class=\"elementor-element elementor-element-aecbe61 elementor-widget__width-initial animation_type_block sc_fly_static elementor-invisible elementor-widget elementor-widget-heading\" data-id=\"aecbe61\" data-element_type=\"widget\" data-e-type=\"widget\" data-settings=\"{&quot;_animation&quot;:&quot;ta_fadeinup&quot;}\" data-widget_type=\"heading.default\">\n\t\t\t\t\t<h1 class=\"elementor-heading-title elementor-size-default\">Construisons ensemble l'avenir de votre entreprise.<\/h1>\t\t\t\t<\/div>\n\t\t\t\t<\/div>\n\t\t<div class=\"elementor-element elementor-element-e1057fe e-con-full e-flex sc_layouts_column_icons_position_left e-con e-child\" data-id=\"e1057fe\" data-element_type=\"container\" data-e-type=\"container\">\n\t\t\t\t<div data-animation-type=\"block\" class=\"elementor-element elementor-element-241152d animation_type_block sc_fly_static elementor-invisible elementor-widget elementor-widget-button\" data-id=\"241152d\" data-element_type=\"widget\" data-e-type=\"widget\" data-settings=\"{&quot;_animation&quot;:&quot;ta_fadeinup&quot;,&quot;_animation_delay&quot;:100}\" data-widget_type=\"button.default\">\n\t\t\t\t\t\t\t\t\t\t<a class=\"elementor-button elementor-button-link elementor-size-sm\" href=\"https:\/\/nextleveldigital.io\/fr_fr\/about-us-1\/\">\n\t\t\t\t\t\t<span class=\"elementor-button-content-wrapper\">\n\t\t\t\t\t\t\t\t\t<span class=\"elementor-button-text\">D\u00e9marrer votre projet<\/span>\n\t\t\t\t\t<\/span>\n\t\t\t\t\t<\/a>\n\t\t\t\t\t\t\t\t<\/div>\n\t\t\t\t<\/div>\n\t\t\t\t<\/div>\n\t\t\t\t<\/div>\n\t\t\t\t<\/div>","protected":false},"excerpt":{"rendered":"<p>Empowering businesses Transform brands with technology Algenix is a forward-thinking IT and digital&hellip;<\/p>","protected":false},"author":1,"featured_media":0,"parent":0,"menu_order":0,"comment_status":"closed","ping_status":"closed","template":"","meta":{"footnotes":""},"class_list":["post-6011","page","type-page","status-publish","hentry"],"_hostinger_reach_plugin_has_subscription_block":false,"_hostinger_reach_plugin_is_elementor":false,"_links":{"self":[{"href":"https:\/\/nextleveldigital.io\/fr_fr\/wp-json\/wp\/v2\/pages\/6011","targetHints":{"allow":["GET"]}}],"collection":[{"href":"https:\/\/nextleveldigital.io\/fr_fr\/wp-json\/wp\/v2\/pages"}],"about":[{"href":"https:\/\/nextleveldigital.io\/fr_fr\/wp-json\/wp\/v2\/types\/page"}],"author":[{"embeddable":true,"href":"https:\/\/nextleveldigital.io\/fr_fr\/wp-json\/wp\/v2\/users\/1"}],"replies":[{"embeddable":true,"href":"https:\/\/nextleveldigital.io\/fr_fr\/wp-json\/wp\/v2\/comments?post=6011"}],"version-history":[{"count":4,"href":"https:\/\/nextleveldigital.io\/fr_fr\/wp-json\/wp\/v2\/pages\/6011\/revisions"}],"predecessor-version":[{"id":7456,"href":"https:\/\/nextleveldigital.io\/fr_fr\/wp-json\/wp\/v2\/pages\/6011\/revisions\/7456"}],"wp:attachment":[{"href":"https:\/\/nextleveldigital.io\/fr_fr\/wp-json\/wp\/v2\/media?parent=6011"}],"curies":[{"name":"wp","href":"https:\/\/api.w.org\/{rel}","templated":true}]}}