{"id":7457,"date":"2026-03-03T09:43:18","date_gmt":"2026-03-03T09:43:18","guid":{"rendered":"https:\/\/nextleveldigital.io\/?page_id=7457"},"modified":"2026-03-10T14:47:23","modified_gmt":"2026-03-10T14:47:23","slug":"our-teams","status":"publish","type":"page","link":"https:\/\/nextleveldigital.io\/fr_fr\/our-teams\/","title":{"rendered":"Notre \u00e9quipe"},"content":{"rendered":"<div data-elementor-type=\"wp-page\" data-elementor-id=\"7457\" class=\"elementor elementor-7457\">\n\t\t\t\t<div class=\"elementor-element elementor-element-683eb208 e-con-full e-flex sc_layouts_column_icons_position_left e-con e-parent\" data-id=\"683eb208\" data-element_type=\"container\" data-e-type=\"container\">\n\t\t<div class=\"e-con-gap-no elementor-element elementor-element-700e8fdc e-con-full e-flex sc_layouts_column_icons_position_left animation_type_block elementor-invisible e-con e-child\" data-animation-type=\"block\" data-id=\"700e8fdc\" data-element_type=\"container\" data-e-type=\"container\" data-settings=\"{&quot;animation&quot;:&quot;ta_fadeinup&quot;,&quot;background_background&quot;:&quot;classic&quot;}\">\n\t\t\t\t<\/div>\n\t\t<div data-animation-type=\"block\" class=\"elementor-element elementor-element-113eaf0c e-con-full e-flex sc_layouts_column_icons_position_left animation_type_block elementor-invisible e-con e-child\" data-id=\"113eaf0c\" data-element_type=\"container\" data-e-type=\"container\" data-settings=\"{&quot;animation&quot;:&quot;ta_fadeinup&quot;,&quot;animation_delay&quot;:200}\">\n\t\t\t\t<div class=\"elementor-element elementor-element-635ed0f1 sc_fly_static elementor-widget elementor-widget-heading\" data-id=\"635ed0f1\" data-element_type=\"widget\" data-e-type=\"widget\" data-widget_type=\"heading.default\">\n\t\t\t\t\t<h6 class=\"elementor-heading-title elementor-size-default\">Accompagner les entreprises vers la performance<\/h6>\t\t\t\t<\/div>\n\t\t\t\t<div class=\"elementor-element elementor-element-50d91d92 elementor-widget__width-initial sc_fly_static elementor-widget elementor-widget-heading\" data-id=\"50d91d92\" data-element_type=\"widget\" data-e-type=\"widget\" data-widget_type=\"heading.default\">\n\t\t\t\t\t<h1 class=\"elementor-heading-title elementor-size-default\">Transformer les entreprises gr\u00e2ce \u00e0 la technologie et \u00e0 l'IA<\/h1>\t\t\t\t<\/div>\n\t\t\t\t<div class=\"elementor-element elementor-element-3ca515b2 elementor-widget__width-initial sc_fly_static elementor-widget elementor-widget-text-editor\" data-id=\"3ca515b2\" data-element_type=\"widget\" data-e-type=\"widget\" data-widget_type=\"text-editor.default\">\n\t\t\t\t\t\t\t\t\t<p>NEXT LEVEL est avant-gardiste et une agence digitale d\u00e9di\u00e9e \u00e0 la transformation des entreprises gr\u00e2ce \u00e0 des solutions technologiques innovantes.<\/p>\t\t\t\t\t\t\t\t<\/div>\n\t\t\t\t<div class=\"elementor-element elementor-element-1be4b9b9 sc_fly_static elementor-widget elementor-widget-button\" data-id=\"1be4b9b9\" data-element_type=\"widget\" data-e-type=\"widget\" data-widget_type=\"button.default\">\n\t\t\t\t\t\t\t\t\t\t<a class=\"elementor-button elementor-button-link elementor-size-sm\" href=\"https:\/\/nextleveldigital.io\/fr_fr\/service\/\">\n\t\t\t\t\t\t<span class=\"elementor-button-content-wrapper\">\n\t\t\t\t\t\t\t\t\t<span class=\"elementor-button-text\">D\u00e9couvrir nos services<\/span>\n\t\t\t\t\t<\/span>\n\t\t\t\t\t<\/a>\n\t\t\t\t\t\t\t\t<\/div>\n\t\t\t\t<\/div>\n\t\t\t\t<\/div>\n\t\t<div class=\"elementor-element elementor-element-7e1e1b06 e-flex e-con-boxed sc_layouts_column_icons_position_left e-con e-parent\" data-id=\"7e1e1b06\" data-element_type=\"container\" data-e-type=\"container\">\n\t\t\t\t\t<div class=\"e-con-inner\">\n\t\t<div class=\"elementor-element elementor-element-5e64e97d e-con-full e-flex sc_layouts_column_icons_position_left e-con e-child\" data-id=\"5e64e97d\" data-element_type=\"container\" data-e-type=\"container\">\n\t\t\t\t<div data-animation-type=\"line\" data-animation-stagger=\"80\" class=\"elementor-element elementor-element-74ad690a animation_type_line sc_fly_static elementor-invisible elementor-widget elementor-widget-trx_elm_advanced_title\" data-id=\"74ad690a\" data-element_type=\"widget\" data-e-type=\"widget\" data-settings=\"{&quot;_animation&quot;:&quot;ta_fadeinup&quot;}\" data-widget_type=\"trx_elm_advanced_title.default\">\n\t\t\t\t<div class=\"elementor-widget-container\">\n\t\t\t\t\t<h1 class=\"trx-addons-advanced-title\" >\n<span class=\"trx-addons-advanced-title-item trx-addons-advanced-title-item-text elementor-repeater-item-f12f233\">Responsabiliser les entreprises avec la technologie.<\/span>\n<span class=\"trx-addons-advanced-title-item trx-addons-advanced-title-item-text elementor-repeater-item-8818021\">Cr\u00e9er des sites web avec la facilit\u00e9<\/span>\n<span class=\"trx-addons-advanced-title-item trx-addons-advanced-title-item-text elementor-repeater-item-8ba7c36\"> pour am\u00e9liorer la pr\u00e9sence en ligne<\/span><\/h1>\t\t\t\t<\/div>\n\t\t\t\t<\/div>\n\t\t\t\t<\/div>\n\t\t<div class=\"elementor-element elementor-element-2b327b9a e-con-full e-flex sc_layouts_column_icons_position_left e-con e-child\" data-id=\"2b327b9a\" data-element_type=\"container\" data-e-type=\"container\">\n\t\t\t\t<div data-animation-type=\"block\" class=\"elementor-element elementor-element-4f8d368e animation_type_block sc_fly_static elementor-invisible elementor-widget elementor-widget-text-editor\" data-id=\"4f8d368e\" data-element_type=\"widget\" data-e-type=\"widget\" data-settings=\"{&quot;_animation_delay&quot;:100,&quot;_animation&quot;:&quot;ta_fadeinup&quot;}\" data-widget_type=\"text-editor.default\">\n\t\t\t\t\t\t\t\t\t<p>NEXT LEVEL accompagne les entreprises avec des solutions digitales innovantes et personnalis\u00e9es. Nous veillons \u00e0 ce que chaque projet soit efficace, strat\u00e9gique et parfaitement adapt\u00e9 \u00e0 vos objectifs sp\u00e9cifiques.<\/p>\t\t\t\t\t\t\t\t<\/div>\n\t\t\t\t<\/div>\n\t\t<div class=\"elementor-element elementor-element-adccbc5 e-grid e-con-full sc_layouts_column_icons_position_left e-con e-child\" data-id=\"adccbc5\" data-element_type=\"container\" data-e-type=\"container\">\n\t\t\t\t<div data-animation-type=\"block\" class=\"elementor-element elementor-element-441c69d0 with-elementor-animation-trx_hover_zoom elementor-shape-rounded trx-addons-tm-image-top animation_type_block sc_fly_static elementor-invisible elementor-widget elementor-widget-trx_elm_team_member\" data-id=\"441c69d0\" data-element_type=\"widget\" data-e-type=\"widget\" data-settings=\"{&quot;_animation&quot;:&quot;ta_fadeinup&quot;,&quot;member_image_position&quot;:&quot;top&quot;}\" data-widget_type=\"trx_elm_team_member.default\">\n\t\t\t\t<div class=\"elementor-widget-container\">\n\t\t\t\t\t\t\t<div class=\"trx-addons-tm-wrapper\">\n\t\t\t<div class=\"trx-addons-tm\">\n\t\t\t\t<div class=\"trx-addons-tm-image\"> \n\t\t\t\t\t<img fetchpriority=\"high\" decoding=\"async\" width=\"740\" height=\"974\" src=\"https:\/\/nextleveldigital.io\/wp-content\/uploads\/2025\/04\/custom-img-105-copyright.jpg\" class=\"elementor-animation-trx_hover_zoom attachment-full size-full wp-image-6025\" alt=\"\" srcset=\"https:\/\/nextleveldigital.io\/wp-content\/uploads\/2025\/04\/custom-img-105-copyright.jpg 740w, https:\/\/nextleveldigital.io\/wp-content\/uploads\/2025\/04\/custom-img-105-copyright-228x300.jpg 228w, https:\/\/nextleveldigital.io\/wp-content\/uploads\/2025\/04\/custom-img-105-copyright-370x487.jpg 370w, https:\/\/nextleveldigital.io\/wp-content\/uploads\/2025\/04\/custom-img-105-copyright-410x540.jpg 410w\" sizes=\"(max-width: 767px) 100vw, 740px\" \/>\n\t\t\t\t\t\t\t\t\t<\/div>\n\t\t\t\t<div class=\"trx-addons-tm-content\">\n\t\t\t\t\t\t\t\t\t<h6 class=\"trx-addons-tm-name\">\n\t\t\t\t\t\tRandy A.\t\t\t\t<\/h6>\n\t\t\t\t\t\t\t<p class=\"trx-addons-tm-position\">\n\t\t\t\tFondateur &amp; Directeur Strat\u00e9gie\t\t\t<\/p>\n\t\t\t\t\t\t\t<\/div>\n\t\t\t<\/div>\n\t\t<\/div>\n\t\t\t\t\t\t<\/div>\n\t\t\t\t<\/div>\n\t\t\t\t<div data-animation-type=\"block\" class=\"elementor-element elementor-element-f7ebaf4 with-elementor-animation-trx_hover_zoom trx-addons-tm-image-top animation_type_block sc_fly_static elementor-invisible elementor-widget elementor-widget-trx_elm_team_member\" data-id=\"f7ebaf4\" data-element_type=\"widget\" data-e-type=\"widget\" data-settings=\"{&quot;_animation_delay&quot;:100,&quot;_animation&quot;:&quot;ta_fadeinup&quot;,&quot;member_image_position&quot;:&quot;top&quot;}\" data-widget_type=\"trx_elm_team_member.default\">\n\t\t\t\t<div class=\"elementor-widget-container\">\n\t\t\t\t\t\t\t<div class=\"trx-addons-tm-wrapper\">\n\t\t\t<div class=\"trx-addons-tm\">\n\t\t\t\t<div class=\"trx-addons-tm-image\"> \n\t\t\t\t\t<img decoding=\"async\" width=\"740\" height=\"974\" src=\"https:\/\/nextleveldigital.io\/wp-content\/uploads\/2025\/04\/custom-img-106-copyright.jpg\" class=\"elementor-animation-trx_hover_zoom attachment-full size-full wp-image-6022\" alt=\"\" srcset=\"https:\/\/nextleveldigital.io\/wp-content\/uploads\/2025\/04\/custom-img-106-copyright.jpg 740w, https:\/\/nextleveldigital.io\/wp-content\/uploads\/2025\/04\/custom-img-106-copyright-228x300.jpg 228w, https:\/\/nextleveldigital.io\/wp-content\/uploads\/2025\/04\/custom-img-106-copyright-370x487.jpg 370w, https:\/\/nextleveldigital.io\/wp-content\/uploads\/2025\/04\/custom-img-106-copyright-410x540.jpg 410w\" sizes=\"(max-width: 767px) 100vw, 740px\" \/>\n\t\t\t\t\t\t\t\t\t<\/div>\n\t\t\t\t<div class=\"trx-addons-tm-content\">\n\t\t\t\t\t\t\t\t\t<h6 class=\"trx-addons-tm-name\">\n\t\t\t\t\t\tGauthier\t\t\t\t<\/h6>\n\t\t\t\t\t\t\t<p class=\"trx-addons-tm-position\">\n\t\t\t\tExpert SEO - R\u00e9f\u00e9rencement\t\t\t<\/p>\n\t\t\t\t\t\t\t<\/div>\n\t\t\t<\/div>\n\t\t<\/div>\n\t\t\t\t\t\t<\/div>\n\t\t\t\t<\/div>\n\t\t\t\t<div data-animation-type=\"block\" class=\"elementor-element elementor-element-26cbee5f with-elementor-animation-trx_hover_zoom trx-addons-tm-image-top animation_type_block sc_fly_static elementor-invisible elementor-widget elementor-widget-trx_elm_team_member\" data-id=\"26cbee5f\" data-element_type=\"widget\" data-e-type=\"widget\" data-settings=\"{&quot;_animation_delay&quot;:200,&quot;_animation&quot;:&quot;ta_fadeinup&quot;,&quot;member_image_position&quot;:&quot;top&quot;}\" data-widget_type=\"trx_elm_team_member.default\">\n\t\t\t\t<div class=\"elementor-widget-container\">\n\t\t\t\t\t\t\t<div class=\"trx-addons-tm-wrapper\">\n\t\t\t<div class=\"trx-addons-tm\">\n\t\t\t\t<div class=\"trx-addons-tm-image\"> \n\t\t\t\t\t<img decoding=\"async\" width=\"740\" height=\"974\" src=\"https:\/\/nextleveldigital.io\/wp-content\/uploads\/2025\/04\/custom-img-107-copyright.jpg\" class=\"elementor-animation-trx_hover_zoom attachment-full size-full wp-image-6023\" alt=\"\" srcset=\"https:\/\/nextleveldigital.io\/wp-content\/uploads\/2025\/04\/custom-img-107-copyright.jpg 740w, https:\/\/nextleveldigital.io\/wp-content\/uploads\/2025\/04\/custom-img-107-copyright-228x300.jpg 228w, https:\/\/nextleveldigital.io\/wp-content\/uploads\/2025\/04\/custom-img-107-copyright-370x487.jpg 370w, https:\/\/nextleveldigital.io\/wp-content\/uploads\/2025\/04\/custom-img-107-copyright-410x540.jpg 410w\" sizes=\"(max-width: 767px) 100vw, 740px\" \/>\n\t\t\t\t\t\t\t\t\t<\/div>\n\t\t\t\t<div class=\"trx-addons-tm-content\">\n\t\t\t\t\t\t\t\t\t<h6 class=\"trx-addons-tm-name\">\n\t\t\t\t\t\tNicolas\t\t\t\t<\/h6>\n\t\t\t\t\t\t\t<p class=\"trx-addons-tm-position\">\n\t\t\t\tLead Developer\t\t\t<\/p>\n\t\t\t\t\t\t\t<\/div>\n\t\t\t<\/div>\n\t\t<\/div>\n\t\t\t\t\t\t<\/div>\n\t\t\t\t<\/div>\n\t\t\t\t<div data-animation-type=\"block\" class=\"elementor-element elementor-element-70aebead with-elementor-animation-trx_hover_zoom trx-addons-tm-image-top animation_type_block sc_fly_static elementor-invisible elementor-widget elementor-widget-trx_elm_team_member\" data-id=\"70aebead\" data-element_type=\"widget\" data-e-type=\"widget\" data-settings=\"{&quot;_animation_delay&quot;:300,&quot;_animation&quot;:&quot;ta_fadeinup&quot;,&quot;member_image_position&quot;:&quot;top&quot;}\" data-widget_type=\"trx_elm_team_member.default\">\n\t\t\t\t<div class=\"elementor-widget-container\">\n\t\t\t\t\t\t\t<div class=\"trx-addons-tm-wrapper\">\n\t\t\t<div class=\"trx-addons-tm\">\n\t\t\t\t<div class=\"trx-addons-tm-image\"> \n\t\t\t\t\t<img loading=\"lazy\" decoding=\"async\" width=\"740\" height=\"974\" src=\"https:\/\/nextleveldigital.io\/wp-content\/uploads\/2025\/04\/custom-img-108-copyright.jpg\" class=\"elementor-animation-trx_hover_zoom attachment-full size-full wp-image-6024\" alt=\"\" srcset=\"https:\/\/nextleveldigital.io\/wp-content\/uploads\/2025\/04\/custom-img-108-copyright.jpg 740w, https:\/\/nextleveldigital.io\/wp-content\/uploads\/2025\/04\/custom-img-108-copyright-228x300.jpg 228w, https:\/\/nextleveldigital.io\/wp-content\/uploads\/2025\/04\/custom-img-108-copyright-370x487.jpg 370w, https:\/\/nextleveldigital.io\/wp-content\/uploads\/2025\/04\/custom-img-108-copyright-410x540.jpg 410w\" sizes=\"(max-width: 767px) 100vw, 740px\" \/>\n\t\t\t\t\t\t\t\t\t<\/div>\n\t\t\t\t<div class=\"trx-addons-tm-content\">\n\t\t\t\t\t\t\t\t\t<h6 class=\"trx-addons-tm-name\">\n\t\t\t\t\t\tIntissar\t\t\t\t<\/h6>\n\t\t\t\t\t\t\t<p class=\"trx-addons-tm-position\">\n\t\t\t\tCheffe de projet digitale\t\t\t<\/p>\n\t\t\t\t\t\t\t<\/div>\n\t\t\t<\/div>\n\t\t<\/div>\n\t\t\t\t\t\t<\/div>\n\t\t\t\t<\/div>\n\t\t\t\t<\/div>\n\t\t\t\t\t<\/div>\n\t\t\t\t<\/div>\n\t\t<div class=\"elementor-element elementor-element-7db827db e-con-full e-flex sc_layouts_column_icons_position_left e-con e-parent\" data-id=\"7db827db\" data-element_type=\"container\" data-e-type=\"container\" data-settings=\"{&quot;background_background&quot;:&quot;classic&quot;}\">\n\t\t<div class=\"elementor-element elementor-element-47cf8002 e-con-full e-flex sc_layouts_column_icons_position_left e-con e-child\" data-id=\"47cf8002\" data-element_type=\"container\" data-e-type=\"container\">\n\t\t<div class=\"elementor-element elementor-element-70047ace e-con-full e-flex sc_layouts_column_icons_position_left e-con e-child\" data-id=\"70047ace\" data-element_type=\"container\" data-e-type=\"container\">\n\t\t\t\t<div data-animation-type=\"block\" class=\"elementor-element elementor-element-1c0a0d50 elementor-widget__width-initial animation_type_block sc_fly_static elementor-invisible elementor-widget elementor-widget-heading\" data-id=\"1c0a0d50\" data-element_type=\"widget\" data-e-type=\"widget\" data-settings=\"{&quot;_animation&quot;:&quot;ta_fadeinup&quot;}\" data-widget_type=\"heading.default\">\n\t\t\t\t\t<h1 class=\"elementor-heading-title elementor-size-default\">Construisons ensemble l'avenir de votre entreprise.<\/h1>\t\t\t\t<\/div>\n\t\t\t\t<\/div>\n\t\t<div class=\"elementor-element elementor-element-636d5ac8 e-con-full e-flex sc_layouts_column_icons_position_left e-con e-child\" data-id=\"636d5ac8\" data-element_type=\"container\" data-e-type=\"container\">\n\t\t\t\t<div data-animation-type=\"block\" class=\"elementor-element elementor-element-29c634d9 animation_type_block sc_fly_static elementor-invisible elementor-widget elementor-widget-button\" data-id=\"29c634d9\" data-element_type=\"widget\" data-e-type=\"widget\" data-settings=\"{&quot;_animation&quot;:&quot;ta_fadeinup&quot;,&quot;_animation_delay&quot;:100}\" data-widget_type=\"button.default\">\n\t\t\t\t\t\t\t\t\t\t<a class=\"elementor-button elementor-button-link elementor-size-sm\" href=\"https:\/\/nextleveldigital.io\/fr_fr\/service\/\">\n\t\t\t\t\t\t<span class=\"elementor-button-content-wrapper\">\n\t\t\t\t\t\t\t\t\t<span class=\"elementor-button-text\">D\u00e9marrer votre projet<\/span>\n\t\t\t\t\t<\/span>\n\t\t\t\t\t<\/a>\n\t\t\t\t\t\t\t\t<\/div>\n\t\t\t\t<\/div>\n\t\t\t\t<\/div>\n\t\t\t\t<\/div>\n\t\t\t\t<\/div>","protected":false},"excerpt":{"rendered":"<p>Empowering businesses Transform brands with technology NEXT LEVEL is a forward-thinking IT and&hellip;<\/p>","protected":false},"author":5,"featured_media":0,"parent":0,"menu_order":0,"comment_status":"closed","ping_status":"closed","template":"","meta":{"footnotes":""},"class_list":["post-7457","page","type-page","status-publish","hentry"],"_hostinger_reach_plugin_has_subscription_block":false,"_hostinger_reach_plugin_is_elementor":false,"_links":{"self":[{"href":"https:\/\/nextleveldigital.io\/fr_fr\/wp-json\/wp\/v2\/pages\/7457","targetHints":{"allow":["GET"]}}],"collection":[{"href":"https:\/\/nextleveldigital.io\/fr_fr\/wp-json\/wp\/v2\/pages"}],"about":[{"href":"https:\/\/nextleveldigital.io\/fr_fr\/wp-json\/wp\/v2\/types\/page"}],"author":[{"embeddable":true,"href":"https:\/\/nextleveldigital.io\/fr_fr\/wp-json\/wp\/v2\/users\/5"}],"replies":[{"embeddable":true,"href":"https:\/\/nextleveldigital.io\/fr_fr\/wp-json\/wp\/v2\/comments?post=7457"}],"version-history":[{"count":16,"href":"https:\/\/nextleveldigital.io\/fr_fr\/wp-json\/wp\/v2\/pages\/7457\/revisions"}],"predecessor-version":[{"id":7911,"href":"https:\/\/nextleveldigital.io\/fr_fr\/wp-json\/wp\/v2\/pages\/7457\/revisions\/7911"}],"wp:attachment":[{"href":"https:\/\/nextleveldigital.io\/fr_fr\/wp-json\/wp\/v2\/media?parent=7457"}],"curies":[{"name":"wp","href":"https:\/\/api.w.org\/{rel}","templated":true}]}}